{"id":4033,"date":"2023-02-24T14:01:18","date_gmt":"2023-02-24T14:01:18","guid":{"rendered":"https:\/\/alenapeskova.cz\/?page_id=4033"},"modified":"2025-06-26T06:39:11","modified_gmt":"2025-06-26T06:39:11","slug":"ultra-minimal-ballet","status":"publish","type":"page","link":"https:\/\/alenapeskova.cz\/en\/ultra-minimal-ballet\/","title":{"rendered":"Ultra-minimal-ballet"},"content":{"rendered":"<div data-elementor-type=\"wp-page\" data-elementor-id=\"4033\" class=\"elementor elementor-4033\" data-elementor-post-type=\"page\">\n\t\t\t\t\t\t<section class=\"elementor-section elementor-top-section elementor-element elementor-element-fb68769 elementor-section-boxed elementor-section-height-default elementor-section-height-default\" data-id=\"fb68769\" data-element_type=\"section\">\n\t\t\t\t\t\t<div class=\"elementor-container elementor-column-gap-default\">\n\t\t\t\t\t<div class=\"elementor-column elementor-col-100 elementor-top-column elementor-element elementor-element-d0b86e2\" data-id=\"d0b86e2\" data-element_type=\"column\">\n\t\t\t<div class=\"elementor-widget-wrap elementor-element-populated\">\n\t\t\t\t\t\t<div class=\"elementor-element elementor-element-1f66934 elementor-widget elementor-widget-text-editor\" data-id=\"1f66934\" data-element_type=\"widget\" data-widget_type=\"text-editor.default\">\n\t\t\t\t<div class=\"elementor-widget-container\">\n\t\t\t\t\t\t\t\t\t<p class=\"western\" align=\"left\">Ultra-minimal-ballet ( UMB ) is an independent association of professional dancers founded by Alena Pe\u0161kov\u00e1. As the name (UMB) suggests, the intention of the association is to achieve maximum effectiveness on the audience by using minimal\/minimalistic means. It doesn't mind minimal space, minimalist music, minimal number of dancers... on the contrary, on this basis it builds and presents to the viewer contemporary dance theatre with all its attributes, often in a strange way, so that it reveals to the viewer various theatrical and choreographic practices.<\/p>\n<p class=\"western\" align=\"left\">UMB had its debut in 2008 in the Blues Cellar with the project 5 m2 in collaboration with the young composer Petr Wajsar. Alena Pe\u0161kov\u00e1's choreography was performed by National Theatre dancers Zuzana \u0160im\u00e1kov\u00e1 and Olexander Kysil together with the author.<\/p>\n<p class=\"western\" align=\"left\">Gabriela Vermelho, composer, singer, actress and quintet player, prepared the music for another UMB premiere - the dance horror Jessie and Morgiana, which resulted in a wider Thalia Award nomination for Alena Pe\u0161kov\u00e1 (Morgiana): Petra Padrianov\u00e1 (David Campos company - Barcelona), Marek Ka\u0161parovsk\u00fd (National Theatre Prague), Martin Gebauer (State Opera Prague), Miroslav Hradil (J.K. Tyl Theatre) and Kl\u00e1ra Jel\u00ednkov\u00e1 (National Theatre Prague). The premiere took place at the Malostransk\u00e1 Beseda. The performance was later adapted for the North Bohemian Opera and Ballet Theatre.<\/p>\n<p class=\"western\" align=\"left\">The next premiere of the UMB Dance Theatre was The Little Match Girl. The music was again composed by Gabriele Vermelho and this time UMB cooperated with the Dance Conservatory of the Capital City of Prague.<\/p>\n<p class=\"western\" align=\"left\">Julie Petanov\u00e1 (the first Czech woman to study at the Royal Ballet School, now the Norwegian National Ballet) excelled in the title role, and the production also featured: Tom\u00e1\u0161 Kopeck\u00fd, Alena Pe\u0161kov\u00e1, Martin Dvo\u0159\u00e1k and students of the TK hl.  The performance premiered at the theatre in Slany and was then successfully performed\/performed again at the Malostransk\u00e1 Beseda in Advent time.<\/p>\n<p class=\"western\" align=\"left\">UMB also performs at festivals and openings.<\/p>\n<p class=\"western\" align=\"left\">Now a new dance docudrama is in the pipeline. Inspired by the incredible life story of...Vlasta.<\/p>\t\t\t\t\t\t\t\t<\/div>\n\t\t\t\t<\/div>\n\t\t\t\t\t<\/div>\n\t\t<\/div>\n\t\t\t\t\t<\/div>\n\t\t<\/section>\n\t\t\t\t<section class=\"elementor-section elementor-top-section elementor-element elementor-element-c3d349d elementor-section-boxed elementor-section-height-default elementor-section-height-default\" data-id=\"c3d349d\" data-element_type=\"section\">\n\t\t\t\t\t\t<div class=\"elementor-container elementor-column-gap-default\">\n\t\t\t\t\t<div class=\"elementor-column elementor-col-100 elementor-top-column elementor-element elementor-element-d228ad1\" data-id=\"d228ad1\" data-element_type=\"column\">\n\t\t\t<div class=\"elementor-widget-wrap elementor-element-populated\">\n\t\t\t\t\t\t<div class=\"elementor-element elementor-element-5ac9829 elementor-widget elementor-widget-heading\" data-id=\"5ac9829\" data-element_type=\"widget\" data-widget_type=\"heading.default\">\n\t\t\t\t<div class=\"elementor-widget-container\">\n\t\t\t\t\t<h2 class=\"elementor-heading-title elementor-size-default\">VLASTA - DANCE DOCUDRAMA<\/h2>\t\t\t\t<\/div>\n\t\t\t\t<\/div>\n\t\t\t\t\t<\/div>\n\t\t<\/div>\n\t\t\t\t\t<\/div>\n\t\t<\/section>\n\t\t\t\t<section class=\"elementor-section elementor-top-section elementor-element elementor-element-e48cb5f elementor-section-boxed elementor-section-height-default elementor-section-height-default\" data-id=\"e48cb5f\" data-element_type=\"section\">\n\t\t\t\t\t\t<div class=\"elementor-container elementor-column-gap-default\">\n\t\t\t\t\t<div class=\"elementor-column elementor-col-100 elementor-top-column elementor-element elementor-element-21ad964\" data-id=\"21ad964\" data-element_type=\"column\">\n\t\t\t<div class=\"elementor-widget-wrap elementor-element-populated\">\n\t\t\t\t\t\t<div class=\"elementor-element elementor-element-854dc06 elementor-grid-1 elementor-grid-tablet-2 elementor-grid-mobile-1 elementor-posts--thumbnail-top elementor-card-shadow-yes elementor-posts__hover-gradient elementor-widget elementor-widget-posts\" data-id=\"854dc06\" data-element_type=\"widget\" data-settings=\"{&quot;cards_columns&quot;:&quot;1&quot;,&quot;cards_row_gap&quot;:{&quot;unit&quot;:&quot;px&quot;,&quot;size&quot;:38,&quot;sizes&quot;:[]},&quot;pagination_type&quot;:&quot;numbers_and_prev_next&quot;,&quot;cards_columns_tablet&quot;:&quot;2&quot;,&quot;cards_columns_mobile&quot;:&quot;1&quot;,&quot;cards_row_gap_tablet&quot;:{&quot;unit&quot;:&quot;px&quot;,&quot;size&quot;:&quot;&quot;,&quot;sizes&quot;:[]},&quot;cards_row_gap_mobile&quot;:{&quot;unit&quot;:&quot;px&quot;,&quot;size&quot;:&quot;&quot;,&quot;sizes&quot;:[]}}\" data-widget_type=\"posts.cards\">\n\t\t\t\t<div class=\"elementor-widget-container\">\n\t\t\t\t\t\t\t<div class=\"elementor-posts-container elementor-posts elementor-posts--skin-cards elementor-grid\" role=\"list\">\n\t\t\t\t<article class=\"elementor-post elementor-grid-item post-4261 post type-post status-publish format-standard has-post-thumbnail hentry category-peskova-aktuality category-ultra-minimal-ballet tag-dokudrama tag-site-specific tag-tanec-balet tag-tanecni-divadlo tag-umb tag-vlasta\" role=\"listitem\">\n\t\t\t<div class=\"elementor-post__card\">\n\t\t\t\t<a class=\"elementor-post__thumbnail__link\" href=\"https:\/\/alenapeskova.cz\/en\/vlasta-tanecni-dokudrama\/\" tabindex=\"-1\" ><div class=\"elementor-post__thumbnail\"><img fetchpriority=\"high\" decoding=\"async\" width=\"716\" height=\"1024\" src=\"https:\/\/alenapeskova.cz\/wp-content\/uploads\/20241114_2204301-1-716x1024.jpg\" class=\"attachment-large size-large wp-image-4266\" alt=\"\" srcset=\"https:\/\/alenapeskova.cz\/wp-content\/uploads\/20241114_2204301-1-716x1024.jpg 716w, https:\/\/alenapeskova.cz\/wp-content\/uploads\/20241114_2204301-1-210x300.jpg 210w, https:\/\/alenapeskova.cz\/wp-content\/uploads\/20241114_2204301-1-768x1098.jpg 768w, https:\/\/alenapeskova.cz\/wp-content\/uploads\/20241114_2204301-1-8x12.jpg 8w, https:\/\/alenapeskova.cz\/wp-content\/uploads\/20241114_2204301-1.jpg 855w\" sizes=\"(max-width: 716px) 100vw, 716px\" \/><\/div><\/a>\n\t\t\t\t<div class=\"elementor-post__text\">\n\t\t\t\t<h3 class=\"elementor-post__title\">\n\t\t\t<a href=\"https:\/\/alenapeskova.cz\/en\/vlasta-tanecni-dokudrama\/\" >\n\t\t\t\tVlasta -dance docudrama\t\t\t<\/a>\n\t\t<\/h3>\n\t\t\t\t<div class=\"elementor-post__excerpt\">\n\t\t\t<p>Ultra - minimal- ballet presents Dance docudrama, site-specific Premiere: 12.10. 2025 Reperformances: 29.10., 12.11. and 14.12. 2025, 5.2., 22.3.,<\/p>\n\t\t<\/div>\n\t\t\n\t\t<a class=\"elementor-post__read-more\" href=\"https:\/\/alenapeskova.cz\/en\/vlasta-tanecni-dokudrama\/\" aria-label=\"Read more about Vlasta -tane\u010dn\u00ed dokudrama\" tabindex=\"-1\" >\n\t\t\tRead more \u00bb\t\t<\/a>\n\n\t\t\t\t<\/div>\n\t\t\t\t\t<\/div>\n\t\t<\/article>\n\t\t\t\t<\/div>\n\t\t\n\t\t\t\t<div class=\"e-load-more-anchor\" data-page=\"1\" data-max-page=\"5\" data-next-page=\"https:\/\/alenapeskova.cz\/en\/wp-json\/wp\/v2\/pages\/4033\/page\/2\/\"><\/div>\n\t\t\t\t<nav class=\"elementor-pagination\" aria-label=\"Pagination\">\n\t\t\t<span class=\"page-numbers prev\">\u00ab Previous<\/span>\n<span aria-current=\"page\" class=\"page-numbers current\"><span class=\"elementor-screen-only\">Page<\/span>1<\/span>\n<a class=\"page-numbers\" href=\"https:\/\/alenapeskova.cz\/en\/wp-json\/wp\/v2\/pages\/4033\/page\/2\/\"><span class=\"elementor-screen-only\">Page<\/span>2<\/a>\n<a class=\"page-numbers\" href=\"https:\/\/alenapeskova.cz\/en\/wp-json\/wp\/v2\/pages\/4033\/page\/3\/\"><span class=\"elementor-screen-only\">Page<\/span>3<\/a>\n<a class=\"page-numbers\" href=\"https:\/\/alenapeskova.cz\/en\/wp-json\/wp\/v2\/pages\/4033\/page\/4\/\"><span class=\"elementor-screen-only\">Page<\/span>4<\/a>\n<a class=\"page-numbers\" href=\"https:\/\/alenapeskova.cz\/en\/wp-json\/wp\/v2\/pages\/4033\/page\/5\/\"><span class=\"elementor-screen-only\">Page<\/span>5<\/a>\n<a class=\"page-numbers next\" href=\"https:\/\/alenapeskova.cz\/en\/wp-json\/wp\/v2\/pages\/4033\/page\/2\/\">Next \u00bb<\/a>\t\t<\/nav>\n\t\t\t\t\t\t<\/div>\n\t\t\t\t<\/div>\n\t\t\t\t\t<\/div>\n\t\t<\/div>\n\t\t\t\t\t<\/div>\n\t\t<\/section>\n\t\t\t\t<\/div>","protected":false},"excerpt":{"rendered":"<p>Ultra-minimal-ballet ( UMB ) je nez\u00e1visl\u00e9 sdru\u017een\u00ed profesion\u00e1ln\u00edch tane\u010dn\u00edk\u016f jeho\u017e zakladatelkou je Alena Pe\u0161kov\u00e1. Jak ji\u017e s\u00e1m n\u00e1zev (UMB) sdru\u017een\u00ed&hellip; <a class=\"more-link\" href=\"https:\/\/alenapeskova.cz\/en\/vlasta-tanecni-dokudrama\/\">Read more \"<\/a><\/p>","protected":false},"author":123457,"featured_media":0,"parent":0,"menu_order":0,"comment_status":"closed","ping_status":"closed","template":"","meta":{"inline_featured_image":false,"footnotes":""},"class_list":["post-4033","page","type-page","status-publish","hentry"],"_links":{"self":[{"href":"https:\/\/alenapeskova.cz\/en\/wp-json\/wp\/v2\/pages\/4033","targetHints":{"allow":["GET"]}}],"collection":[{"href":"https:\/\/alenapeskova.cz\/en\/wp-json\/wp\/v2\/pages"}],"about":[{"href":"https:\/\/alenapeskova.cz\/en\/wp-json\/wp\/v2\/types\/page"}],"author":[{"embeddable":true,"href":"https:\/\/alenapeskova.cz\/en\/wp-json\/wp\/v2\/users\/123457"}],"replies":[{"embeddable":true,"href":"https:\/\/alenapeskova.cz\/en\/wp-json\/wp\/v2\/comments?post=4033"}],"version-history":[{"count":50,"href":"https:\/\/alenapeskova.cz\/en\/wp-json\/wp\/v2\/pages\/4033\/revisions"}],"predecessor-version":[{"id":4419,"href":"https:\/\/alenapeskova.cz\/en\/wp-json\/wp\/v2\/pages\/4033\/revisions\/4419"}],"wp:attachment":[{"href":"https:\/\/alenapeskova.cz\/en\/wp-json\/wp\/v2\/media?parent=4033"}],"curies":[{"name":"wp","href":"https:\/\/api.w.org\/{rel}","templated":true}]}}